












{"id":4353,"date":"2023-12-08T09:00:56","date_gmt":"2023-12-08T09:00:56","guid":{"rendered":"https:\/\/www.graphein-apparel.com\/imageHolder\/produit\/i-dont-see\/"},"modified":"2023-12-19T03:51:50","modified_gmt":"2023-12-19T03:51:50","slug":"i-dont-see","status":"publish","type":"product","link":"https:\/\/www.graphein-apparel.com\/imageHolder\/clothing\/i-dont-see\/","title":{"rendered":"I don&#8217;t see"},"content":{"rendered":"<p>I don&#8217;t see: a captivating work that explores the mystery behind the everyday. In three distinct parts, like the floors of a house, this illustration takes you on an enigmatic and surreal visual journey.<\/p>\n<p>&#8220;I don&#8217;t see&#8221; is much more than a simple illustration; it&#8217;s an immersive visual experience that disrupts artistic conventions, challenges the ordinary, and encourages deep reflection on how we interpret our daily reality.&#8221;<\/p>\n","protected":false},"excerpt":{"rendered":"<p>I don&#8217;t see: a captivating work that explores the mystery behind the everyday. In three distinct parts, like the floors of a house, this illustration takes you on an enigmatic and surreal visual journey. &#8220;I don&#8217;t see&#8221; is much more than a simple illustration; it&#8217;s an immersive visual experience that disrupts artistic conventions, challenges the [&hellip;]<\/p>\n","protected":false},"featured_media":5808,"template":"","meta":{"_acf_changed":false,"_et_pb_use_builder":"","_et_pb_old_content":"","_et_gb_content_width":""},"product_cat":[71],"product_tag":[],"class_list":{"0":"post-4353","1":"product","2":"type-product","3":"status-publish","4":"has-post-thumbnail","6":"product_cat-emi-garroy","8":"first","9":"instock","10":"shipping-taxable","11":"purchasable","12":"product-type-variable"},"acf":[],"yoast_head":"<!-- This site is optimized with the Yoast SEO plugin v23.1 - https:\/\/yoast.com\/wordpress\/plugins\/seo\/ -->\n<title>I don&#039;t see | ImageHolder<\/title>\n<meta name=\"description\" content=\"I don&#039;t see : une \u0153uvre captivante qui explore le myst\u00e8re derri\u00e8re le quotidien. En trois parties distinctes, telles les \u00e9tages d&#039;une maison, cette ill...\" \/>\n<meta name=\"robots\" content=\"index, follow, max-snippet:-1, max-image-preview:large, max-video-preview:-1\" \/>\n<link rel=\"canonical\" href=\"https:\/\/www.graphein-apparel.com\/imageHolder\/clothing\/i-dont-see\/\" \/>\n<meta property=\"og:locale\" content=\"en_US\" \/>\n<meta property=\"og:type\" content=\"article\" \/>\n<meta property=\"og:title\" content=\"I don&#039;t see | ImageHolder\" \/>\n<meta property=\"og:description\" content=\"I don&#039;t see : une \u0153uvre captivante qui explore le myst\u00e8re derri\u00e8re le quotidien. En trois parties distinctes, telles les \u00e9tages d&#039;une maison, cette ill...\" \/>\n<meta property=\"og:url\" content=\"https:\/\/www.graphein-apparel.com\/imageHolder\/clothing\/i-dont-see\/\" \/>\n<meta property=\"og:site_name\" content=\"ImageHolder\" \/>\n<meta property=\"article:modified_time\" content=\"2023-12-19T03:51:50+00:00\" \/>\n<meta name=\"twitter:card\" content=\"summary_large_image\" \/>\n<meta name=\"twitter:label1\" content=\"Est. reading time\" \/>\n\t<meta name=\"twitter:data1\" content=\"1 minute\" \/>\n<script type=\"application\/ld+json\" class=\"yoast-schema-graph\">{\"@context\":\"https:\/\/schema.org\",\"@graph\":[{\"@type\":\"WebPage\",\"@id\":\"https:\/\/www.graphein-apparel.com\/imageHolder\/clothing\/i-dont-see\/\",\"url\":\"https:\/\/www.graphein-apparel.com\/imageHolder\/clothing\/i-dont-see\/\",\"name\":\"I don't see | ImageHolder\",\"isPartOf\":{\"@id\":\"https:\/\/www.graphein-apparel.com\/imageHolder\/#website\"},\"primaryImageOfPage\":{\"@id\":\"https:\/\/www.graphein-apparel.com\/imageHolder\/clothing\/i-dont-see\/#primaryimage\"},\"image\":{\"@id\":\"https:\/\/www.graphein-apparel.com\/imageHolder\/clothing\/i-dont-see\/#primaryimage\"},\"thumbnailUrl\":\"\",\"datePublished\":\"2023-12-08T09:00:56+00:00\",\"dateModified\":\"2023-12-19T03:51:50+00:00\",\"description\":\"I don't see : une \u0153uvre captivante qui explore le myst\u00e8re derri\u00e8re le quotidien. En trois parties distinctes, telles les \u00e9tages d'une maison, cette ill...\",\"breadcrumb\":{\"@id\":\"https:\/\/www.graphein-apparel.com\/imageHolder\/clothing\/i-dont-see\/#breadcrumb\"},\"inLanguage\":\"en-US\",\"potentialAction\":[{\"@type\":\"ReadAction\",\"target\":[\"https:\/\/www.graphein-apparel.com\/imageHolder\/clothing\/i-dont-see\/\"]}]},{\"@type\":\"ImageObject\",\"inLanguage\":\"en-US\",\"@id\":\"https:\/\/www.graphein-apparel.com\/imageHolder\/clothing\/i-dont-see\/#primaryimage\",\"url\":\"\",\"contentUrl\":\"\"},{\"@type\":\"BreadcrumbList\",\"@id\":\"https:\/\/www.graphein-apparel.com\/imageHolder\/clothing\/i-dont-see\/#breadcrumb\",\"itemListElement\":[{\"@type\":\"ListItem\",\"position\":1,\"name\":\"Accueil\",\"item\":\"https:\/\/www.graphein-apparel.com\/imageHolder\/\"},{\"@type\":\"ListItem\",\"position\":2,\"name\":\"Homepage Old\",\"item\":\"https:\/\/www.graphein-apparel.com\/imageHolder\/?page_id=48\"},{\"@type\":\"ListItem\",\"position\":3,\"name\":\"I don&#8217;t see\"}]},{\"@type\":\"WebSite\",\"@id\":\"https:\/\/www.graphein-apparel.com\/imageHolder\/#website\",\"url\":\"https:\/\/www.graphein-apparel.com\/imageHolder\/\",\"name\":\"ImageHolder\",\"description\":\"Radical clothing for militant people\",\"publisher\":{\"@id\":\"https:\/\/www.graphein-apparel.com\/imageHolder\/#organization\"},\"potentialAction\":[{\"@type\":\"SearchAction\",\"target\":{\"@type\":\"EntryPoint\",\"urlTemplate\":\"https:\/\/www.graphein-apparel.com\/imageHolder\/?s={search_term_string}\"},\"query-input\":\"required name=search_term_string\"}],\"inLanguage\":\"en-US\"},{\"@type\":\"Organization\",\"@id\":\"https:\/\/www.graphein-apparel.com\/imageHolder\/#organization\",\"name\":\"ImageHolder\",\"url\":\"https:\/\/www.graphein-apparel.com\/imageHolder\/\",\"logo\":{\"@type\":\"ImageObject\",\"inLanguage\":\"en-US\",\"@id\":\"https:\/\/www.graphein-apparel.com\/imageHolder\/#\/schema\/logo\/image\/\",\"url\":\"https:\/\/www.graphein-apparel.com\/imageHolder\/wp-content\/uploads\/sites\/2\/2023\/07\/Sans-titre1-Copie.png\",\"contentUrl\":\"https:\/\/www.graphein-apparel.com\/imageHolder\/wp-content\/uploads\/sites\/2\/2023\/07\/Sans-titre1-Copie.png\",\"width\":88,\"height\":88,\"caption\":\"ImageHolder\"},\"image\":{\"@id\":\"https:\/\/www.graphein-apparel.com\/imageHolder\/#\/schema\/logo\/image\/\"}}]}<\/script>\n<!-- \/ Yoast SEO plugin. -->","yoast_head_json":{"title":"I don't see | ImageHolder","description":"I don't see : une \u0153uvre captivante qui explore le myst\u00e8re derri\u00e8re le quotidien. En trois parties distinctes, telles les \u00e9tages d'une maison, cette ill...","robots":{"index":"index","follow":"follow","max-snippet":"max-snippet:-1","max-image-preview":"max-image-preview:large","max-video-preview":"max-video-preview:-1"},"canonical":"https:\/\/www.graphein-apparel.com\/imageHolder\/clothing\/i-dont-see\/","og_locale":"en_US","og_type":"article","og_title":"I don't see | ImageHolder","og_description":"I don't see : une \u0153uvre captivante qui explore le myst\u00e8re derri\u00e8re le quotidien. En trois parties distinctes, telles les \u00e9tages d'une maison, cette ill...","og_url":"https:\/\/www.graphein-apparel.com\/imageHolder\/clothing\/i-dont-see\/","og_site_name":"ImageHolder","article_modified_time":"2023-12-19T03:51:50+00:00","twitter_card":"summary_large_image","twitter_misc":{"Est. reading time":"1 minute"},"schema":{"@context":"https:\/\/schema.org","@graph":[{"@type":"WebPage","@id":"https:\/\/www.graphein-apparel.com\/imageHolder\/clothing\/i-dont-see\/","url":"https:\/\/www.graphein-apparel.com\/imageHolder\/clothing\/i-dont-see\/","name":"I don't see | ImageHolder","isPartOf":{"@id":"https:\/\/www.graphein-apparel.com\/imageHolder\/#website"},"primaryImageOfPage":{"@id":"https:\/\/www.graphein-apparel.com\/imageHolder\/clothing\/i-dont-see\/#primaryimage"},"image":{"@id":"https:\/\/www.graphein-apparel.com\/imageHolder\/clothing\/i-dont-see\/#primaryimage"},"thumbnailUrl":"","datePublished":"2023-12-08T09:00:56+00:00","dateModified":"2023-12-19T03:51:50+00:00","description":"I don't see : une \u0153uvre captivante qui explore le myst\u00e8re derri\u00e8re le quotidien. En trois parties distinctes, telles les \u00e9tages d'une maison, cette ill...","breadcrumb":{"@id":"https:\/\/www.graphein-apparel.com\/imageHolder\/clothing\/i-dont-see\/#breadcrumb"},"inLanguage":"en-US","potentialAction":[{"@type":"ReadAction","target":["https:\/\/www.graphein-apparel.com\/imageHolder\/clothing\/i-dont-see\/"]}]},{"@type":"ImageObject","inLanguage":"en-US","@id":"https:\/\/www.graphein-apparel.com\/imageHolder\/clothing\/i-dont-see\/#primaryimage","url":"","contentUrl":""},{"@type":"BreadcrumbList","@id":"https:\/\/www.graphein-apparel.com\/imageHolder\/clothing\/i-dont-see\/#breadcrumb","itemListElement":[{"@type":"ListItem","position":1,"name":"Accueil","item":"https:\/\/www.graphein-apparel.com\/imageHolder\/"},{"@type":"ListItem","position":2,"name":"Homepage Old","item":"https:\/\/www.graphein-apparel.com\/imageHolder\/?page_id=48"},{"@type":"ListItem","position":3,"name":"I don&#8217;t see"}]},{"@type":"WebSite","@id":"https:\/\/www.graphein-apparel.com\/imageHolder\/#website","url":"https:\/\/www.graphein-apparel.com\/imageHolder\/","name":"ImageHolder","description":"Radical clothing for militant people","publisher":{"@id":"https:\/\/www.graphein-apparel.com\/imageHolder\/#organization"},"potentialAction":[{"@type":"SearchAction","target":{"@type":"EntryPoint","urlTemplate":"https:\/\/www.graphein-apparel.com\/imageHolder\/?s={search_term_string}"},"query-input":"required name=search_term_string"}],"inLanguage":"en-US"},{"@type":"Organization","@id":"https:\/\/www.graphein-apparel.com\/imageHolder\/#organization","name":"ImageHolder","url":"https:\/\/www.graphein-apparel.com\/imageHolder\/","logo":{"@type":"ImageObject","inLanguage":"en-US","@id":"https:\/\/www.graphein-apparel.com\/imageHolder\/#\/schema\/logo\/image\/","url":"https:\/\/www.graphein-apparel.com\/imageHolder\/wp-content\/uploads\/sites\/2\/2023\/07\/Sans-titre1-Copie.png","contentUrl":"https:\/\/www.graphein-apparel.com\/imageHolder\/wp-content\/uploads\/sites\/2\/2023\/07\/Sans-titre1-Copie.png","width":88,"height":88,"caption":"ImageHolder"},"image":{"@id":"https:\/\/www.graphein-apparel.com\/imageHolder\/#\/schema\/logo\/image\/"}}]}},"_links":{"self":[{"href":"https:\/\/www.graphein-apparel.com\/imageHolder\/wp-json\/wp\/v2\/product\/4353","targetHints":{"allow":["GET"]}}],"collection":[{"href":"https:\/\/www.graphein-apparel.com\/imageHolder\/wp-json\/wp\/v2\/product"}],"about":[{"href":"https:\/\/www.graphein-apparel.com\/imageHolder\/wp-json\/wp\/v2\/types\/product"}],"wp:featuredmedia":[{"embeddable":true,"href":"https:\/\/www.graphein-apparel.com\/imageHolder\/wp-json\/"}],"wp:attachment":[{"href":"https:\/\/www.graphein-apparel.com\/imageHolder\/wp-json\/wp\/v2\/media?parent=4353"}],"wp:term":[{"taxonomy":"product_cat","embeddable":true,"href":"https:\/\/www.graphein-apparel.com\/imageHolder\/wp-json\/wp\/v2\/product_cat?post=4353"},{"taxonomy":"product_tag","embeddable":true,"href":"https:\/\/www.graphein-apparel.com\/imageHolder\/wp-json\/wp\/v2\/product_tag?post=4353"}],"curies":[{"name":"wp","href":"https:\/\/api.w.org\/{rel}","templated":true}]}}